{"id":1148,"date":"2018-06-12T15:07:29","date_gmt":"2018-06-12T14:07:29","guid":{"rendered":"http:\/\/polysur.com\/?page_id=1148"},"modified":"2018-06-19T11:23:05","modified_gmt":"2018-06-19T10:23:05","slug":"quienes-somos","status":"publish","type":"page","link":"https:\/\/www.polysur.com\/es\/quienes-somos\/","title":{"rendered":"QUI\u00c9NES SOMOS"},"content":{"rendered":"<div id='layer_slider_1' class='avia-layerslider main_color avia-shadow  container_wrap sidebar_right'    style='height: 451px;' ><\/div>\n<div class=\"flex_column av_one_full  flex_column_div first   \" style='padding:0px 100px 0px 100px ; border-radius:0px; '><section class=\"av_textblock_section \"  itemscope=\"itemscope\" itemtype=\"https:\/\/schema.org\/CreativeWork\" ><div class='avia_textblock  '   itemprop=\"text\" ><h2 style=\"text-align: center;\"><strong><span style=\"color: #eb1618;\">DISE\u00d1ADOR Y FABRICANTE<br \/>\nDE CINTAS ELEVADORAS FIABLES<br \/>\n<\/span><\/strong><\/h2>\n<p style=\"text-align: center;\">Desde 1973, Polysur\u00ae es la marca comercial registrada de cintas elevadoras con m\u00e1s renombre. Sus caracter\u00edsticas y rendimiento hacen que las cintas elevadoras de la marca Polysur\u00ae se diferencien del resto. Las cintas elevadoras Polysur\u00ae representan calidad, fiabilidad e innovaci\u00f3n, est\u00e1n dise\u00f1adas para satisfacer las necesidades especiales del transporte vertical y ofrecen m\u00faltiples posibilidades de utilizaci\u00f3n.<\/p>\n<p style=\"text-align: center;\">A lo largo de los a\u00f1os, Polysur\u00ae se ha desarrollado y especializado en el dise\u00f1o de soluciones para una amplia variedad de sectores y clientes, adem\u00e1s de inventar nuevos tipos de aplicaciones en el campo de los elevadores, pero sin correr ning\u00fan riesgo cuando se trata de la calidad. Este esp\u00edritu se respira en todos los departamentos de nuestra organizaci\u00f3n, incluyendo los de servicios y log\u00edstica. Por este motivo, no es de extra\u00f1ar que nuestra visi\u00f3n tenga como resultado vidas \u00fatiles m\u00e1s largas y un menor coste por tonelada, lo que convierte a<\/p>\n<p style=\"text-align: center;\"><strong>POLYSUR\u00ae \u2013 SU MARCA REGISTRADA DE CINTAS ELEVADORAS FIABLES.<br \/>\n<\/strong><\/p>\n<\/div><\/section><\/div>\n<\/div><\/div><\/div><!-- close content main div --><\/div><\/div><div id='av_section_1' class='avia-section main_color avia-section-default avia-no-shadow av-parallax-section avia-bg-style-parallax    av-minimum-height av-minimum-height-custom container_wrap sidebar_right'  data-section-bg-repeat='no-repeat' ><div class='av-parallax' data-avia-parallax-ratio='0.3' ><div class='av-parallax-inner main_color  avia-full-stretch' style = 'background-repeat: no-repeat; background-image: url(https:\/\/www.polysur.com\/wp-content\/uploads\/2015\/09\/achtergrond-2-1030x4441.jpg);background-attachment: scroll; background-position: top center; ' ><\/div><\/div><div class='container' style='height:500px'><div class='template-page content  av-content-small alpha units'><div class='post-entry post-entry-type-page post-entry-1148'><div class='entry-content-wrapper clearfix'>\n<div class=\"flex_column av_one_full  flex_column_div first   \" style='padding:0px 100px 0px 100px ; border-radius:0px; '><section class=\"av_textblock_section \"  itemscope=\"itemscope\" itemtype=\"https:\/\/schema.org\/CreativeWork\" ><div class='avia_textblock  '   itemprop=\"text\" ><h2 style=\"text-align: center;\"><span style=\"color: #ffffff;\"><strong>ASESORAMIENTO Y AYUDA<\/strong><\/span><\/h2>\n<h2 style=\"text-align: center;\"><span style=\"color: #ffffff;\"><strong>ESTAMOS ENCANTADOS DE AYUDARLE<\/strong><\/span><\/h2>\n<p style=\"text-align: center;\"><span style=\"color: #ffffff;\">En las \u00faltimas d\u00e9cadas, Polysur\u00ae ha acumulado una amplia experiencia y conocimientos en diferentes sectores y aplicaciones y esto nos permite ofrecer la soluci\u00f3n m\u00e1s adecuada para cada elevador. Podemos proporcionarle asesoramiento y ayuda, realizar c\u00e1lculos de capacidad y aconsejarle sobre c\u00f3mo mejorar su elevador o fabricar uno nuevo.<\/span><\/p>\n<\/div><\/section><br \/>\n<div style='height:15px' class='hr hr-invisible   '><span class='hr-inner ' ><span class='hr-inner-style'><\/span><\/span><\/div><br \/>\n<div class='avia-button-wrap avia-button-center '><a href='https:\/\/www.polysur.com\/es\/contacto\/'  class='avia-button   avia-icon_select-no avia-color-light avia-size-large avia-position-center '   ><span class='avia_iconbox_title' >CONTACTO<\/span><\/a><\/div><\/p><\/div><\/div><\/div><\/div><!-- close content main div --><\/div><\/div><div id='after_section_1' class='main_color av_default_container_wrap container_wrap sidebar_right'   ><div class='container' ><div class='template-page content  av-content-small alpha units'><div class='post-entry post-entry-type-page post-entry-1148'><div class='entry-content-wrapper clearfix'><\/div><\/div><\/div><!-- close content main div --><\/div><\/div><div id='av_section_2' class='avia-section main_color avia-section-default avia-no-border-styling avia-bg-style-scroll   container_wrap sidebar_right' style = 'background-color: #eb1618; background-image: '  ><div class='container' ><div class='template-page content  av-content-small alpha units'><div class='post-entry post-entry-type-page post-entry-1148'><div class='entry-content-wrapper clearfix'>\n<div class=\"flex_column av_one_full  flex_column_div first   \" style='padding:0px 100px 0px 100px ; border-radius:0px; '><section class=\"av_textblock_section \"  itemscope=\"itemscope\" itemtype=\"https:\/\/schema.org\/CreativeWork\" ><div class='avia_textblock  '   itemprop=\"text\" ><h2 style=\"text-align: center;\"><span style=\"color: #ffffff;\"><strong>ENCUENTRE SU DISTRIBUIDOR LOCAL<\/strong><\/span><\/h2>\n<p style=\"text-align: center;\"><span style=\"color: #ffffff;\">Aplicamos los conocimientos adquiridos a nivel europeo a mercados internacionales de todo el mundo. Nuestros cualificados distribuidores expresamente elegidos nos permiten ofrecer un servicio de atenci\u00f3n al cliente y un proceso de documentaci\u00f3n y manejo de las cintas elevadoras Polysur\u00ae de gran calidad en todo el mundo.<\/span><\/p>\n<\/div><\/section><\/div><div class=\"flex_column av_one_third  flex_column_div av-zero-column-padding first  \" style='border-radius:0px; '><section class=\"av_textblock_section \"  itemscope=\"itemscope\" itemtype=\"https:\/\/schema.org\/CreativeWork\" ><div class='avia_textblock  '   itemprop=\"text\" ><h2><span style=\"color: #ffffff;\"><strong>Contactar<\/strong><\/span><\/h2>\n<\/div><\/section><br \/>\n<section class=\"av_textblock_section \"  itemscope=\"itemscope\" itemtype=\"https:\/\/schema.org\/CreativeWork\" ><div class='avia_textblock  av_inherit_color '  style='color:#ffffff; '  itemprop=\"text\" >\n                <div class='gf_browser_gecko gform_wrapper' id='gform_wrapper_4' style='display:none'><a id='gf_4' class='gform_anchor' ><\/a><form method='post' enctype='multipart\/form-data' target='gform_ajax_frame_4' id='gform_4'  action='\/es\/wp-json\/wp\/v2\/pages\/1148#gf_4'> \r\n <input type='hidden' class='gforms-pum' value='{\"closepopup\":false,\"closedelay\":0,\"openpopup\":false,\"openpopup_id\":0}' \/>\n                        <div class='gform_body'><ul id='gform_fields_4' class='gform_fields top_label form_sublabel_below description_below'><li id='field_4_1' class='gfield gfield_contains_required field_sublabel_below field_description_below hidden_label' ><label class='gfield_label' for='input_4_1' >Seleccionar su regio<span class='gfield_required'>*<\/span><\/label><div class='ginput_container ginput_container_select'><select name='input_1' id='input_4_1' onchange='gf_apply_rules(4,[0,7,6,5]);' class='medium gfield_select' tabindex='1' ><option value='' selected='selected' class='gf_placeholder'>SELECCIONAR SU REGIO - OBLIGATORIO<\/option><option value='SUDAM\u00c9RICA' >SUDAM\u00c9RICA<\/option><option value='EUROPE' >EUROPE<\/option><option value='CENTROAM\u00c9RICA' >CENTROAM\u00c9RICA<\/option><option value='\u00c1FRICA' >\u00c1FRICA<\/option><\/select><\/div><\/li><li id='field_4_7' class='gfield field_sublabel_below field_description_below hidden_label' ><label class='gfield_label' for='input_4_7' >PA\u00cdS DE ENV\u00cdO<\/label><div class='ginput_container ginput_container_text'><input name='input_7' id='input_4_7' type='text' value='' class='medium'  tabindex='2' onchange='gf_apply_rules(4,[0]);' onkeyup='clearTimeout(__gf_timeout_handle); __gf_timeout_handle = setTimeout(\"gf_apply_rules(4,[0])\", 300);' placeholder='PA\u00cdS DE ENV\u00cdO' \/><\/div><\/li><li id='field_4_6' class='gfield gfield_contains_required field_sublabel_below field_description_below hidden_label' ><label class='gfield_label' for='input_4_6' >Direcci\u00f3n de correo electr\u00f3nico<span class='gfield_required'>*<\/span><\/label><div class='ginput_container ginput_container_email'>\n                            <input name='input_6' id='input_4_6' type='email' value='' class='medium' tabindex='3' onchange='gf_apply_rules(4,[0]);' onkeyup='clearTimeout(__gf_timeout_handle); __gf_timeout_handle = setTimeout(\"gf_apply_rules(4,[0])\", 300);'  placeholder='DIRECCI\u00d3N DE CORREO ELECTR\u00d3NICO'\/>\n                        <\/div><\/li><li id='field_4_5' class='gfield field_sublabel_below field_description_below hidden_label' ><label class='gfield_label' for='input_4_5' >SU SOLICITUD DE DISTRIBUIDOR<\/label><div class='ginput_container ginput_container_textarea'>\n\t\t\t\t\t<textarea name='input_5' id='input_4_5' class='textarea large' tabindex='4' onchange='gf_apply_rules(4,[0]);' onkeyup='clearTimeout(__gf_timeout_handle); __gf_timeout_handle = setTimeout(\"gf_apply_rules(4,[0])\", 300);' placeholder='SU SOLICITUD DE DISTRIBUIDOR\n\n(\u00bfYa sabe qu\u00e9 tipo de cinta elevadora necesita? Por favor, incluya en su mensaje esta informaci\u00f3n, as\u00ed como cualquier otra que considere relevante). '  rows='10' cols='50'><\/textarea>\n\t\t\t\t<\/div><\/li><li id='field_4_8' class='gfield gform_validation_container field_sublabel_below field_description_below' ><label class='gfield_label' for='input_4_8' >Name<\/label><div class='ginput_container'><input name='input_8' id='input_4_8' type='text' value='' autocomplete='off'\/><\/div><div class='gfield_description'>Este campo es un campo de validaci\u00f3n y debe quedar sin cambios.<\/div><\/li>\n                            <\/ul><\/div>\n        <div class='gform_footer top_label'> <input type='image' src='http:\/\/polysur.com\/wp-content\/uploads\/2018\/06\/polysur_ENVIAR_button-1.png' id='gform_submit_button_4' class='gform_button gform_image_button' alt='Enviar' tabindex='5' onclick='if(window[\"gf_submitting_4\"]){return false;}  if( !jQuery(\"#gform_4\")[0].checkValidity || jQuery(\"#gform_4\")[0].checkValidity()){window[\"gf_submitting_4\"]=true;}  ' \/> <input type='hidden' name='gform_ajax' value='form_id=4&amp;title=&amp;description=&amp;tabindex=1' \/>\n            <input type='hidden' class='gform_hidden' name='is_submit_4' value='1' \/>\n            <input type='hidden' class='gform_hidden' name='gform_submit' value='4' \/>\n            \n            <input type='hidden' class='gform_hidden' name='gform_unique_id' value='' \/>\n            <input type='hidden' class='gform_hidden' name='state_4' value='WyJbXSIsIjJlZTRmYjVjYjljZGNjM2RjM2MyMDk4YTk3MzdlZWYyIl0=' \/>\n            <input type='hidden' class='gform_hidden' name='gform_target_page_number_4' id='gform_target_page_number_4' value='0' \/>\n            <input type='hidden' class='gform_hidden' name='gform_source_page_number_4' id='gform_source_page_number_4' value='1' \/>\n            <input type='hidden' name='gform_field_values' value='' \/>\n            \n        <\/div>\n                        <p style=\"display: none !important;\"><label>&#916;<textarea name=\"ak_hp_textarea\" cols=\"45\" rows=\"8\" maxlength=\"100\"><\/textarea><\/label><input type=\"hidden\" id=\"ak_js\" name=\"ak_js\" value=\"221\"\/><script>document.getElementById( \"ak_js\" ).setAttribute( \"value\", ( new Date() ).getTime() );<\/script><\/p><\/form>\n                        <\/div>\n                <iframe style='display:none;width:0px;height:0px;' src='about:blank' name='gform_ajax_frame_4' id='gform_ajax_frame_4' title='Ajax Frame'><\/iframe>\n                <script type='text\/javascript'>jQuery(document).ready(function($){gformInitSpinner( 4, 'https:\/\/www.polysur.com\/wp-content\/plugins\/gravityforms\/images\/spinner.gif' );jQuery('#gform_ajax_frame_4').load( function(){var contents = jQuery(this).contents().find('*').html();var is_postback = contents.indexOf('GF_AJAX_POSTBACK') >= 0;if(!is_postback){return;}var form_content = jQuery(this).contents().find('#gform_wrapper_4');var is_confirmation = jQuery(this).contents().find('#gform_confirmation_wrapper_4').length > 0;var is_redirect = contents.indexOf('gformRedirect(){') >= 0;var is_form = form_content.length > 0 && ! is_redirect && ! is_confirmation;if(is_form){jQuery('#gform_wrapper_4').html(form_content.html());setTimeout( function() { \/* delay the scroll by 50 milliseconds to fix a bug in chrome *\/ jQuery(document).scrollTop(jQuery('#gform_wrapper_4').offset().top); }, 50 );if(window['gformInitDatepicker']) {gformInitDatepicker();}if(window['gformInitPriceFields']) {gformInitPriceFields();}var current_page = jQuery('#gform_source_page_number_4').val();gformInitSpinner( 4, 'https:\/\/www.polysur.com\/wp-content\/plugins\/gravityforms\/images\/spinner.gif' );jQuery(document).trigger('gform_page_loaded', [4, current_page]);window['gf_submitting_4'] = false;}else if(!is_redirect){var confirmation_content = jQuery(this).contents().find('#gforms_confirmation_message_4').html();if(!confirmation_content){confirmation_content = contents;}setTimeout(function(){jQuery('#gform_wrapper_4').replaceWith('<' + 'div id=\\'gforms_confirmation_message_4\\' class=\\'gform_confirmation_message_4 gforms_confirmation_message\\'' + '>' + confirmation_content + '<' + '\/div' + '>');jQuery(document).scrollTop(jQuery('#gforms_confirmation_message_4').offset().top);jQuery(document).trigger('gform_confirmation_loaded', [4]);window['gf_submitting_4'] = false;}, 50);}else{jQuery('#gform_4').append(contents);if(window['gformRedirect']) {gformRedirect();}}jQuery(document).trigger('gform_post_render', [4, current_page]);} );} );<\/script><script type='text\/javascript'> if(typeof gf_global == 'undefined') var gf_global = {\"gf_currency_config\":{\"name\":\"D\\u00f3lar Americano\",\"symbol_left\":\"$\",\"symbol_right\":\"\",\"symbol_padding\":\"\",\"thousand_separator\":\",\",\"decimal_separator\":\".\",\"decimals\":2},\"base_url\":\"https:\\\/\\\/www.polysur.com\\\/wp-content\\\/plugins\\\/gravityforms\",\"number_formats\":[],\"spinnerUrl\":\"https:\\\/\\\/www.polysur.com\\\/wp-content\\\/plugins\\\/gravityforms\\\/images\\\/spinner.gif\"};jQuery(document).bind('gform_post_render', function(event, formId, currentPage){if(formId == 4) {gf_global[\"number_formats\"][4] = {\"1\":false,\"7\":false,\"6\":false,\"5\":false,\"8\":false};if(window['jQuery']){if(!window['gf_form_conditional_logic'])window['gf_form_conditional_logic'] = new Array();window['gf_form_conditional_logic'][4] = { logic: { 7: {\"field\":{\"actionType\":\"show\",\"logicType\":\"all\",\"rules\":[{\"fieldId\":\"1\",\"operator\":\"isnot\",\"value\":\"\"}]},\"nextButton\":null,\"section\":null},6: {\"field\":{\"actionType\":\"show\",\"logicType\":\"all\",\"rules\":[{\"fieldId\":\"1\",\"operator\":\"isnot\",\"value\":\"\"}]},\"nextButton\":null,\"section\":null},5: {\"field\":{\"actionType\":\"show\",\"logicType\":\"all\",\"rules\":[{\"fieldId\":\"1\",\"operator\":\"isnot\",\"value\":\"\"}]},\"nextButton\":null,\"section\":null},0: {\"field\":{\"actionType\":\"show\",\"logicType\":\"all\",\"rules\":[{\"fieldId\":\"1\",\"operator\":\"isnot\",\"value\":\"\"}]},\"section\":null} }, dependents: { 7: [7],6: [6],5: [5],0: [0] }, animation: 0, defaults: [], fields: {\"1\":[0,7,6,5],\"7\":[0],\"6\":[0],\"5\":[0],\"8\":[0]} }; if(!window['gf_number_format'])window['gf_number_format'] = 'decimal_comma';jQuery(document).ready(function(){gf_apply_rules(4, [7,6,5,0], true);jQuery('#gform_wrapper_4').show();jQuery(document).trigger('gform_post_conditional_logic', [4, null, true]);jQuery('#gform_4').submit(function(event, isButtonPress){    var visibleButton = jQuery(\".gform_next_button:visible, .gform_button:visible, .gform_image_button:visible\");    return visibleButton.length > 0 || isButtonPress == true;});} );} if(typeof Placeholders != 'undefined'){\n                        Placeholders.enable();\n                    }} } );jQuery(document).bind('gform_post_conditional_logic', function(event, formId, fields, isInit){} );<\/script><script type='text\/javascript'> jQuery(document).ready(function(){jQuery(document).trigger('gform_post_render', [4, 1]) } ); <\/script>\n<\/div><\/section><\/p><\/div><div class=\"flex_column av_two_third  flex_column_div av-zero-column-padding   \" style='border-radius:0px; '><div class='avia-image-container  av-styling-    avia-align-center '  itemprop=\"ImageObject\" itemscope=\"itemscope\" itemtype=\"https:\/\/schema.org\/ImageObject\"  ><div class='avia-image-container-inner'><div class='avia-image-overlay-wrap'><img class='avia_image ' src='https:\/\/www.polysur.com\/wp-content\/uploads\/2015\/09\/AARDE.png' alt='' title='AARDE' height=\"441\"width=\"800\"  itemprop=\"thumbnailUrl\"  \/><\/div><\/div><\/div><\/div>\n<\/div><\/div><\/div><!-- close content main div --><\/div><\/div><div id='after_section_2' class='main_color av_default_container_wrap container_wrap sidebar_right'   ><div class='container' ><div class='template-page content  av-content-small alpha units'><div class='post-entry post-entry-type-page post-entry-1148'><div class='entry-content-wrapper clearfix'><\/p>\n<\/div><\/div><\/div><!-- close content main div --><\/div><\/div><div id='av_section_3' class='avia-section main_color avia-section-no-padding avia-no-border-styling avia-full-stretch avia-bg-style-scroll    av-minimum-height av-minimum-height-custom container_wrap sidebar_right' style = 'background-repeat: no-repeat; background-image: url(https:\/\/www.polysur.com\/wp-content\/uploads\/2015\/09\/achtergrond2.jpg);background-attachment: scroll; background-position: top center; ' data-section-bg-repeat='stretch' ><div class='container' style='height:550px'><div class='template-page content  av-content-small alpha units'><div class='post-entry post-entry-type-page post-entry-1148'><div class='entry-content-wrapper clearfix'><\/div><\/div><\/div><!-- close content main div --><\/div><\/div><div id='after_section_3' class='main_color av_default_container_wrap container_wrap sidebar_right'   ><div class='container' ><div class='template-page content  av-content-small alpha units'><div class='post-entry post-entry-type-page post-entry-1148'><div class='entry-content-wrapper clearfix'>\n","protected":false},"excerpt":{"rendered":"","protected":false},"author":2,"featured_media":0,"parent":0,"menu_order":0,"comment_status":"closed","ping_status":"closed","template":"","meta":[],"_links":{"self":[{"href":"https:\/\/www.polysur.com\/es\/wp-json\/wp\/v2\/pages\/1148"}],"collection":[{"href":"https:\/\/www.polysur.com\/es\/wp-json\/wp\/v2\/pages"}],"about":[{"href":"https:\/\/www.polysur.com\/es\/wp-json\/wp\/v2\/types\/page"}],"author":[{"embeddable":true,"href":"https:\/\/www.polysur.com\/es\/wp-json\/wp\/v2\/users\/2"}],"replies":[{"embeddable":true,"href":"https:\/\/www.polysur.com\/es\/wp-json\/wp\/v2\/comments?post=1148"}],"version-history":[{"count":7,"href":"https:\/\/www.polysur.com\/es\/wp-json\/wp\/v2\/pages\/1148\/revisions"}],"predecessor-version":[{"id":1374,"href":"https:\/\/www.polysur.com\/es\/wp-json\/wp\/v2\/pages\/1148\/revisions\/1374"}],"wp:attachment":[{"href":"https:\/\/www.polysur.com\/es\/wp-json\/wp\/v2\/media?parent=1148"}],"curies":[{"name":"wp","href":"https:\/\/api.w.org\/{rel}","templated":true}]}}