{"id":1163,"date":"2018-06-14T13:57:43","date_gmt":"2018-06-14T12:57:43","guid":{"rendered":"http:\/\/polysur.com\/?page_id=1163"},"modified":"2018-07-26T08:28:05","modified_gmt":"2018-07-26T07:28:05","slug":"productos","status":"publish","type":"page","link":"https:\/\/www.polysur.com\/es\/productos\/","title":{"rendered":"PRODUCTOS"},"content":{"rendered":"<div id='layer_slider_1' class='avia-layerslider main_color avia-shadow  container_wrap sidebar_right'    style='height: 691px;' ><\/div>\n<div class='flex_column_table av-equal-height-column-flextable -flextable' style='margin-top:0px; margin-bottom:0px; '><div class=\"flex_column av_one_full  flex_column_table_cell av-equal-height-column av-align-middle first   \" style='padding:0px 100px 0px 100px ; border-radius:0px; '><section class=\"av_textblock_section \"  itemscope=\"itemscope\" itemtype=\"https:\/\/schema.org\/CreativeWork\" ><div class='avia_textblock  '   itemprop=\"text\" ><h2 style=\"text-align: center;\"><strong><span style=\"color: #eb1618;\">LA CINTA ELEVADORA ES EL CORAZ\u00d3N DE LA M\u00c1QUINA<\/span><\/strong><\/h2>\n<p style=\"text-align: center;\">En Polysur\u00ae, nuestra experiencia nos ha ense\u00f1ado qu\u00e9 componentes y piezas m\u00f3viles del elevador est\u00e1n sujetos a un mayor desgaste mec\u00e1nico, o a un desgaste provocado por el producto transportado. Por este motivo, nos centramos tanto esos componentes como en todo aquello que entra en contacto con la cinta elevadora. En un elevador de cubos, la cinta elevadora es el elemento m\u00e1s fr\u00e1gil. Hasta cierto punto, todos los elementos de la cinta, como los cubos, los pernos y el fijador, pueden da\u00f1arla como consecuencia de la presi\u00f3n que ejercen sobre ella cuando se desplazan por las poleas. Adem\u00e1s, reemplazar la cinta a la mitad de su vida \u00fatil provoca costes y tiempos de parada adicionales. Cuando se trata de garantizar un transporte \u00f3ptimo y seguro, siempre empezamos por la cinta elevadora, o lo que es lo mismo, por el coraz\u00f3n de la m\u00e1quina. Tener una cinta elevadora de gran calidad capaz de adaptarse a cualquier circunstancia es vital. Y por ello, Polysur\u00ae ofrece una amplia gama de calidades y versiones. Aseg\u00farese de ponerse en contacto con nosotros desde el primer momento para encontrar la soluci\u00f3n m\u00e1s adecuada lo antes posible.<\/p>\n<\/div><\/section><br \/>\n<div style='height:15px' class='hr hr-invisible   '><span class='hr-inner ' ><span class='hr-inner-style'><\/span><\/span><\/div><br \/>\n<div class='avia-button-wrap avia-button-center  red-button'><a href='http:\/\/www.polysur.com\/wp-content\/uploads\/2018\/07\/MB0252_180716_Polysur_elevatorbanden_brochure_SPAANS_WEBDEF.pdf'  class='avia-button   avia-icon_select-yes-right-icon avia-color-dark avia-size-large avia-position-center '  target=\"_blank\"   ><span class='avia_iconbox_title' >DESCARGAR FOLLETO<\/span><span class='avia_button_icon avia_button_icon_right' aria-hidden='true' data-av_icon='\ue82d' data-av_iconfont='entypo-fontello'><\/span><\/a><\/div><\/p><\/div><\/div><!--close column table wrapper. Autoclose: 1 --><\/div><\/div><\/div><!-- close content main div --><\/div><\/div><div id='av_section_1' class='avia-section main_color avia-section-default avia-no-border-styling avia-bg-style-scroll    container_wrap sidebar_right' style = 'background-repeat: repeat; background-image: url(https:\/\/www.polysur.com\/wp-content\/uploads\/2015\/09\/productenag3.jpg);background-attachment: scroll; background-position: center center; ' data-section-bg-repeat='repeat' ><div class='container' ><div class='template-page content  av-content-small alpha units'><div class='post-entry post-entry-type-page post-entry-1163'><div class='entry-content-wrapper clearfix'>\n<div class=\"flex_column av_one_full  flex_column_div first   \" style='padding:0px 100px 0px 100px ; border-radius:0px; '><section class=\"av_textblock_section \"  itemscope=\"itemscope\" itemtype=\"https:\/\/schema.org\/CreativeWork\" ><div class='avia_textblock  '   itemprop=\"text\" ><h2 style=\"text-align: center;\"><span style=\"color: #ffffff;\"><strong>LISTADO DE CALIDADES Y VERSIONES DE LAS CINTAS ELEVADORAS POLYSUR\u00ae<\/strong><\/span><\/h2>\n<p style=\"text-align: center;\"><span style=\"color: #ffffff;\">Ofrecemos una amplia gama de cintas elevadoras con m\u00faltiples posibilidades de utilizaci\u00f3n. Aceites, \u00e1cidos, grasas, temperaturas altas y bajas, materiales de transporte pesados y ligeros&#8230; Todos ellos tienen influyen negativamente en la vida \u00fatil de la cinta elevadora. No corremos ning\u00fan riesgo cuando se trata de la calidad. Por este motivo, no solo minimizamos la aparici\u00f3n de burbujas, sino tambi\u00e9n el deterioro e hinchaz\u00f3n de las cintas con el objetivo de disminuir los riesgos y prolongar la fiabilidad de las cintas elevadoras durante m\u00e1s tiempo. Gracias a nuestras m\u00e1quinas de perforaci\u00f3n CNC automatizadas, podemos realizar agujeros en todas nuestras cintas elevadoras con una anchura m\u00e1xima de 1980 mm.<\/span><\/p>\n<\/div><\/section><\/div><div style=' margin-top:10px; margin-bottom:30px;'  class='hr hr-custom hr-center hr-icon-no   '><span class='hr-inner   inner-border-av-border-none' style=' width:50px;' ><span class='hr-inner-style'><\/span><\/span><\/div>\n<section class=\"av_textblock_section \"  itemscope=\"itemscope\" itemtype=\"https:\/\/schema.org\/CreativeWork\" ><div class='avia_textblock  '   itemprop=\"text\" ><p><span class=\"viba-portfolio-shortcode\">[viba_portfolio slug=\u00bbproducten\u00bb]<\/span><\/p>\n<\/div><\/section>\n<\/div><\/div><\/div><!-- close content main div --><\/div><\/div><div id='after_section_1' class='main_color av_default_container_wrap container_wrap sidebar_right'   ><div class='container' ><div class='template-page content  av-content-small alpha units'><div class='post-entry post-entry-type-page post-entry-1163'><div class='entry-content-wrapper clearfix'><\/p>\n<\/div><\/div><\/div><!-- close content main div --><\/div><\/div><div id='av_section_2' class='avia-section main_color avia-section-default avia-no-shadow avia-bg-style-scroll   container_wrap sidebar_right' style = 'background-image: '  ><div class='container' ><div class='template-page content  av-content-small alpha units'><div class='post-entry post-entry-type-page post-entry-1163'><div class='entry-content-wrapper clearfix'>\n<div class=\"flex_column av_two_fifth  flex_column_div av-zero-column-padding first   \" style='border-radius:0px; '><div class='avia-image-container  av-styling-     avia-align-right '  itemprop=\"ImageObject\" itemscope=\"itemscope\" itemtype=\"https:\/\/schema.org\/ImageObject\"  ><div class='avia-image-container-inner'><div class='avia-image-overlay-wrap'><img class='avia_image ' src='https:\/\/www.polysur.com\/wp-content\/uploads\/2015\/09\/componenten12.jpg' alt='' title='componenten1' height=\"427\"width=\"425\"  itemprop=\"thumbnailUrl\"  \/><\/div><\/div><\/div><\/div><div class=\"flex_column av_three_fifth  flex_column_div av-zero-column-padding    \" style='border-radius:30; '><section class=\"av_textblock_section \"  itemscope=\"itemscope\" itemtype=\"https:\/\/schema.org\/CreativeWork\" ><div class='avia_textblock  '   itemprop=\"text\" ><h2 style=\"text-align: left;\"><span style=\"color: #eb1618;\"><strong>OTROS COMPONENTES<br \/>\nIMPORTANTES<br \/>\nPARA SU ELEVADOR<br \/>\n<\/strong><\/span><\/h2>\n<p style=\"text-align: left;\">Polysur\u00ae dispone de una red internacional de expertos y un programa global de env\u00edo de otros componentes importantes de los elevadores que le permitir\u00e1n reducir al m\u00ednimo el desgaste y el mantenimiento y aprovechar todo el rendimiento de su equipo. Nuestra red puede proporcionarle toda la asistencia que necesite, desde cubos del elevador a sistemas de supervisi\u00f3n. Para solicitar m\u00e1s informaci\u00f3n, haga clic en este bot\u00f3n.<\/p>\n<\/div><\/section><br \/>\n<div style='height:15px' class='hr hr-invisible   '><span class='hr-inner ' ><span class='hr-inner-style'><\/span><\/span><\/div><br \/>\n<div class='avia-button-wrap avia-button-left  red-button popmake-1274'><a href=''  class='avia-button   avia-icon_select-no avia-color-dark avia-size-large avia-position-left '   ><span class='avia_iconbox_title' >SOLICITAR INFORMACI\u00d3N<\/span><\/a><\/div><\/p><\/div>\n<\/div><\/div><\/div><!-- close content main div --><\/div><\/div><div id='after_section_2' class='main_color av_default_container_wrap container_wrap sidebar_right'   ><div class='container' ><div class='template-page content  av-content-small alpha units'><div class='post-entry post-entry-type-page post-entry-1163'><div class='entry-content-wrapper clearfix'>\n<\/div><\/div><\/div><!-- close content main div --><\/div><\/div><div id='av_section_3' class='avia-section main_color avia-section-default avia-no-border-styling av-parallax-section avia-bg-style-parallax    av-minimum-height av-minimum-height-custom container_wrap sidebar_right'  data-section-bg-repeat='no-repeat' ><div class='av-parallax' data-avia-parallax-ratio='0.3' ><div class='av-parallax-inner main_color  avia-full-stretch' style = 'background-repeat: no-repeat; background-image: url(https:\/\/www.polysur.com\/wp-content\/uploads\/2015\/09\/achtergrond-2-1030x4441.jpg);background-attachment: scroll; background-position: top center; ' ><\/div><\/div><div class='container' style='height:500px'><div class='template-page content  av-content-small alpha units'><div class='post-entry post-entry-type-page post-entry-1163'><div class='entry-content-wrapper clearfix'>\n<div class='flex_column_table av-equal-height-column-flextable -flextable' style='margin-top:0px; margin-bottom:0px; '><div class=\"flex_column av_one_full  flex_column_table_cell av-equal-height-column av-align-middle first   \" style='padding:0px 100px 0px 100px ; border-radius:0px; '><section class=\"av_textblock_section \"  itemscope=\"itemscope\" itemtype=\"https:\/\/schema.org\/CreativeWork\" ><div class='avia_textblock  '   itemprop=\"text\" ><h2 style=\"text-align: center;\"><span style=\"color: #ffffff;\"><strong>ASESORAMIENTO Y AYUDA<\/strong><\/span><\/h2>\n<h2 style=\"text-align: center;\"><span style=\"color: #ffffff;\"><strong>ESTAMOS ENCANTADOS DE AYUDARLE<\/strong><\/span><\/h2>\n<p style=\"text-align: center;\"><span style=\"color: #ffffff;\">En las \u00faltimas d\u00e9cadas, Polysur\u00ae ha acumulado una amplia experiencia y conocimientos en diferentes sectores y aplicaciones y esto nos permite ofrecer la soluci\u00f3n m\u00e1s adecuada para cada elevador. Podemos proporcionarle asesoramiento y ayuda, realizar c\u00e1lculos de capacidad y aconsejarle sobre c\u00f3mo mejorar su elevador o fabricar uno nuevo.<\/span><\/p>\n<\/div><\/section><br \/>\n<div style='height:15px' class='hr hr-invisible   '><span class='hr-inner ' ><span class='hr-inner-style'><\/span><\/span><\/div><br \/>\n<div class='avia-button-wrap avia-button-center  white-button'><a href='http:\/\/www.polysur.com\/es\/contacto\/'  class='avia-button   avia-icon_select-no avia-color-dark avia-size-large avia-position-center '   ><span class='avia_iconbox_title' >CONTACTO<\/span><\/a><\/div><\/p><\/div><\/div><!--close column table wrapper. Autoclose: 1 -->\n<\/div><\/div><\/div><!-- close content main div --><\/div><\/div><div id='after_section_3' class='main_color av_default_container_wrap container_wrap sidebar_right'   ><div class='container' ><div class='template-page content  av-content-small alpha units'><div class='post-entry post-entry-type-page post-entry-1163'><div class='entry-content-wrapper clearfix'>\n<\/div><\/div><\/div><!-- close content main div --><\/div><\/div><div id='av_section_4' class='avia-section main_color avia-section-default avia-no-border-styling avia-bg-style-scroll   container_wrap sidebar_right' style = 'background-color: #eb1618; background-image: '  ><div class='container' ><div class='template-page content  av-content-small alpha units'><div class='post-entry post-entry-type-page post-entry-1163'><div class='entry-content-wrapper clearfix'>\n<div class='flex_column_table av-equal-height-column-flextable -flextable' style='margin-top:0px; margin-bottom:0px; '><div class=\"flex_column av_one_full  flex_column_table_cell av-equal-height-column av-align-middle first   \" style='padding:0px 100px 0px 100px ; border-radius:0px; '><section class=\"av_textblock_section \"  itemscope=\"itemscope\" itemtype=\"https:\/\/schema.org\/CreativeWork\" ><div class='avia_textblock  '   itemprop=\"text\" ><h2 style=\"text-align: center;\"><span style=\"color: #ffffff;\"><strong>ENCUENTRE SU DISTRIBUIDOR LOCAL<\/strong><\/span><\/h2>\n<p style=\"text-align: center;\"><span style=\"color: #ffffff;\">Aplicamos los conocimientos adquiridos a nivel europeo a mercados internacionales de todo el mundo. Nuestros cualificados distribuidores expresamente elegidos nos permiten ofrecer un servicio de atenci\u00f3n al cliente y un proceso de documentaci\u00f3n y manejo de las cintas elevadoras Polysur\u00ae de gran calidad en todo el mundo.<\/span><\/p>\n<\/div><\/section><\/div><\/div><!--close column table wrapper. Autoclose: 1 --><div class=\"flex_column av_one_third  flex_column_div av-zero-column-padding first  \" style='border-radius:0px; '><section class=\"av_textblock_section \"  itemscope=\"itemscope\" itemtype=\"https:\/\/schema.org\/CreativeWork\" ><div class='avia_textblock  '   itemprop=\"text\" ><h2><span style=\"color: #ffffff;\"><strong>CONTACTAR<\/strong><\/span><\/h2>\n<\/div><\/section><br \/>\n<section class=\"av_textblock_section \"  itemscope=\"itemscope\" itemtype=\"https:\/\/schema.org\/CreativeWork\" ><div class='avia_textblock  av_inherit_color '  style='color:#ffffff; '  itemprop=\"text\" >\n                <div class='gf_browser_gecko gform_wrapper' id='gform_wrapper_4' style='display:none'><a id='gf_4' class='gform_anchor' ><\/a><form method='post' enctype='multipart\/form-data' target='gform_ajax_frame_4' id='gform_4'  action='\/es\/wp-json\/wp\/v2\/pages\/1163#gf_4'> \r\n <input type='hidden' class='gforms-pum' value='{\"closepopup\":false,\"closedelay\":0,\"openpopup\":false,\"openpopup_id\":0}' \/>\n                        <div class='gform_body'><ul id='gform_fields_4' class='gform_fields top_label form_sublabel_below description_below'><li id='field_4_1' class='gfield gfield_contains_required field_sublabel_below field_description_below hidden_label' ><label class='gfield_label' for='input_4_1' >Seleccionar su regio<span class='gfield_required'>*<\/span><\/label><div class='ginput_container ginput_container_select'><select name='input_1' id='input_4_1' onchange='gf_apply_rules(4,[0,7,6,5]);' class='medium gfield_select' tabindex='1' ><option value='' selected='selected' class='gf_placeholder'>SELECCIONAR SU REGIO - OBLIGATORIO<\/option><option value='SUDAM\u00c9RICA' >SUDAM\u00c9RICA<\/option><option value='EUROPE' >EUROPE<\/option><option value='CENTROAM\u00c9RICA' >CENTROAM\u00c9RICA<\/option><option value='\u00c1FRICA' >\u00c1FRICA<\/option><\/select><\/div><\/li><li id='field_4_7' class='gfield field_sublabel_below field_description_below hidden_label' ><label class='gfield_label' for='input_4_7' >PA\u00cdS DE ENV\u00cdO<\/label><div class='ginput_container ginput_container_text'><input name='input_7' id='input_4_7' type='text' value='' class='medium'  tabindex='2' onchange='gf_apply_rules(4,[0]);' onkeyup='clearTimeout(__gf_timeout_handle); __gf_timeout_handle = setTimeout(\"gf_apply_rules(4,[0])\", 300);' placeholder='PA\u00cdS DE ENV\u00cdO' \/><\/div><\/li><li id='field_4_6' class='gfield gfield_contains_required field_sublabel_below field_description_below hidden_label' ><label class='gfield_label' for='input_4_6' >Direcci\u00f3n de correo electr\u00f3nico<span class='gfield_required'>*<\/span><\/label><div class='ginput_container ginput_container_email'>\n                            <input name='input_6' id='input_4_6' type='email' value='' class='medium' tabindex='3' onchange='gf_apply_rules(4,[0]);' onkeyup='clearTimeout(__gf_timeout_handle); __gf_timeout_handle = setTimeout(\"gf_apply_rules(4,[0])\", 300);'  placeholder='DIRECCI\u00d3N DE CORREO ELECTR\u00d3NICO'\/>\n                        <\/div><\/li><li id='field_4_5' class='gfield field_sublabel_below field_description_below hidden_label' ><label class='gfield_label' for='input_4_5' >SU SOLICITUD DE DISTRIBUIDOR<\/label><div class='ginput_container ginput_container_textarea'>\n\t\t\t\t\t<textarea name='input_5' id='input_4_5' class='textarea large' tabindex='4' onchange='gf_apply_rules(4,[0]);' onkeyup='clearTimeout(__gf_timeout_handle); __gf_timeout_handle = setTimeout(\"gf_apply_rules(4,[0])\", 300);' placeholder='SU SOLICITUD DE DISTRIBUIDOR\n\n(\u00bfYa sabe qu\u00e9 tipo de cinta elevadora necesita? Por favor, incluya en su mensaje esta informaci\u00f3n, as\u00ed como cualquier otra que considere relevante). '  rows='10' cols='50'><\/textarea>\n\t\t\t\t<\/div><\/li><li id='field_4_8' class='gfield gform_validation_container field_sublabel_below field_description_below' ><label class='gfield_label' for='input_4_8' >Email<\/label><div class='ginput_container'><input name='input_8' id='input_4_8' type='text' value='' autocomplete='off'\/><\/div><div class='gfield_description'>Este campo es un campo de validaci\u00f3n y debe quedar sin cambios.<\/div><\/li>\n                            <\/ul><\/div>\n        <div class='gform_footer top_label'> <input type='image' src='http:\/\/polysur.com\/wp-content\/uploads\/2018\/06\/polysur_ENVIAR_button-1.png' id='gform_submit_button_4' class='gform_button gform_image_button' alt='Enviar' tabindex='5' onclick='if(window[\"gf_submitting_4\"]){return false;}  if( !jQuery(\"#gform_4\")[0].checkValidity || jQuery(\"#gform_4\")[0].checkValidity()){window[\"gf_submitting_4\"]=true;}  ' \/> <input type='hidden' name='gform_ajax' value='form_id=4&amp;title=&amp;description=&amp;tabindex=1' \/>\n            <input type='hidden' class='gform_hidden' name='is_submit_4' value='1' \/>\n            <input type='hidden' class='gform_hidden' name='gform_submit' value='4' \/>\n            \n            <input type='hidden' class='gform_hidden' name='gform_unique_id' value='' \/>\n            <input type='hidden' class='gform_hidden' name='state_4' value='WyJbXSIsIjJlZTRmYjVjYjljZGNjM2RjM2MyMDk4YTk3MzdlZWYyIl0=' \/>\n            <input type='hidden' class='gform_hidden' name='gform_target_page_number_4' id='gform_target_page_number_4' value='0' \/>\n            <input type='hidden' class='gform_hidden' name='gform_source_page_number_4' id='gform_source_page_number_4' value='1' \/>\n            <input type='hidden' name='gform_field_values' value='' \/>\n            \n        <\/div>\n                        <p style=\"display: none !important;\"><label>&#916;<textarea name=\"ak_hp_textarea\" cols=\"45\" rows=\"8\" maxlength=\"100\"><\/textarea><\/label><input type=\"hidden\" id=\"ak_js\" name=\"ak_js\" value=\"241\"\/><script>document.getElementById( \"ak_js\" ).setAttribute( \"value\", ( new Date() ).getTime() );<\/script><\/p><\/form>\n                        <\/div>\n                <iframe style='display:none;width:0px;height:0px;' src='about:blank' name='gform_ajax_frame_4' id='gform_ajax_frame_4' title='Ajax Frame'><\/iframe>\n                <script type='text\/javascript'>jQuery(document).ready(function($){gformInitSpinner( 4, 'https:\/\/www.polysur.com\/wp-content\/plugins\/gravityforms\/images\/spinner.gif' );jQuery('#gform_ajax_frame_4').load( function(){var contents = jQuery(this).contents().find('*').html();var is_postback = contents.indexOf('GF_AJAX_POSTBACK') >= 0;if(!is_postback){return;}var form_content = jQuery(this).contents().find('#gform_wrapper_4');var is_confirmation = jQuery(this).contents().find('#gform_confirmation_wrapper_4').length > 0;var is_redirect = contents.indexOf('gformRedirect(){') >= 0;var is_form = form_content.length > 0 && ! is_redirect && ! is_confirmation;if(is_form){jQuery('#gform_wrapper_4').html(form_content.html());setTimeout( function() { \/* delay the scroll by 50 milliseconds to fix a bug in chrome *\/ jQuery(document).scrollTop(jQuery('#gform_wrapper_4').offset().top); }, 50 );if(window['gformInitDatepicker']) {gformInitDatepicker();}if(window['gformInitPriceFields']) {gformInitPriceFields();}var current_page = jQuery('#gform_source_page_number_4').val();gformInitSpinner( 4, 'https:\/\/www.polysur.com\/wp-content\/plugins\/gravityforms\/images\/spinner.gif' );jQuery(document).trigger('gform_page_loaded', [4, current_page]);window['gf_submitting_4'] = false;}else if(!is_redirect){var confirmation_content = jQuery(this).contents().find('#gforms_confirmation_message_4').html();if(!confirmation_content){confirmation_content = contents;}setTimeout(function(){jQuery('#gform_wrapper_4').replaceWith('<' + 'div id=\\'gforms_confirmation_message_4\\' class=\\'gform_confirmation_message_4 gforms_confirmation_message\\'' + '>' + confirmation_content + '<' + '\/div' + '>');jQuery(document).scrollTop(jQuery('#gforms_confirmation_message_4').offset().top);jQuery(document).trigger('gform_confirmation_loaded', [4]);window['gf_submitting_4'] = false;}, 50);}else{jQuery('#gform_4').append(contents);if(window['gformRedirect']) {gformRedirect();}}jQuery(document).trigger('gform_post_render', [4, current_page]);} );} );<\/script><script type='text\/javascript'> if(typeof gf_global == 'undefined') var gf_global = {\"gf_currency_config\":{\"name\":\"D\\u00f3lar Americano\",\"symbol_left\":\"$\",\"symbol_right\":\"\",\"symbol_padding\":\"\",\"thousand_separator\":\",\",\"decimal_separator\":\".\",\"decimals\":2},\"base_url\":\"https:\\\/\\\/www.polysur.com\\\/wp-content\\\/plugins\\\/gravityforms\",\"number_formats\":[],\"spinnerUrl\":\"https:\\\/\\\/www.polysur.com\\\/wp-content\\\/plugins\\\/gravityforms\\\/images\\\/spinner.gif\"};jQuery(document).bind('gform_post_render', function(event, formId, currentPage){if(formId == 4) {gf_global[\"number_formats\"][4] = {\"1\":false,\"7\":false,\"6\":false,\"5\":false,\"8\":false};if(window['jQuery']){if(!window['gf_form_conditional_logic'])window['gf_form_conditional_logic'] = new Array();window['gf_form_conditional_logic'][4] = { logic: { 7: {\"field\":{\"actionType\":\"show\",\"logicType\":\"all\",\"rules\":[{\"fieldId\":\"1\",\"operator\":\"isnot\",\"value\":\"\"}]},\"nextButton\":null,\"section\":null},6: {\"field\":{\"actionType\":\"show\",\"logicType\":\"all\",\"rules\":[{\"fieldId\":\"1\",\"operator\":\"isnot\",\"value\":\"\"}]},\"nextButton\":null,\"section\":null},5: {\"field\":{\"actionType\":\"show\",\"logicType\":\"all\",\"rules\":[{\"fieldId\":\"1\",\"operator\":\"isnot\",\"value\":\"\"}]},\"nextButton\":null,\"section\":null},0: {\"field\":{\"actionType\":\"show\",\"logicType\":\"all\",\"rules\":[{\"fieldId\":\"1\",\"operator\":\"isnot\",\"value\":\"\"}]},\"section\":null} }, dependents: { 7: [7],6: [6],5: [5],0: [0] }, animation: 0, defaults: [], fields: {\"1\":[0,7,6,5],\"7\":[0],\"6\":[0],\"5\":[0],\"8\":[0]} }; if(!window['gf_number_format'])window['gf_number_format'] = 'decimal_comma';jQuery(document).ready(function(){gf_apply_rules(4, [7,6,5,0], true);jQuery('#gform_wrapper_4').show();jQuery(document).trigger('gform_post_conditional_logic', [4, null, true]);jQuery('#gform_4').submit(function(event, isButtonPress){    var visibleButton = jQuery(\".gform_next_button:visible, .gform_button:visible, .gform_image_button:visible\");    return visibleButton.length > 0 || isButtonPress == true;});} );} if(typeof Placeholders != 'undefined'){\n                        Placeholders.enable();\n                    }} } );jQuery(document).bind('gform_post_conditional_logic', function(event, formId, fields, isInit){} );<\/script><script type='text\/javascript'> jQuery(document).ready(function(){jQuery(document).trigger('gform_post_render', [4, 1]) } ); <\/script>\n<\/div><\/section><\/p><\/div><div class=\"flex_column av_two_third  flex_column_div av-zero-column-padding   \" style='border-radius:0px; '><div class='avia-image-container  av-styling-    avia-align-center '  itemprop=\"ImageObject\" itemscope=\"itemscope\" itemtype=\"https:\/\/schema.org\/ImageObject\"  ><div class='avia-image-container-inner'><div class='avia-image-overlay-wrap'><img class='avia_image ' src='https:\/\/www.polysur.com\/wp-content\/uploads\/2015\/09\/AARDE.png' alt='' title='AARDE' height=\"441\"width=\"800\"  itemprop=\"thumbnailUrl\"  \/><\/div><\/div><\/div><\/div>\n<\/div><\/div><\/div><!-- close content main div --><\/div><\/div><div id='after_section_4' class='main_color av_default_container_wrap container_wrap sidebar_right'   ><div class='container' ><div class='template-page content  av-content-small alpha units'><div class='post-entry post-entry-type-page post-entry-1163'><div class='entry-content-wrapper clearfix'>\n<\/div><\/div><\/div><!-- close content main div --><\/div><\/div><div id='av_section_5' class='avia-section main_color avia-section-no-padding avia-no-border-styling avia-full-stretch avia-bg-style-scroll    av-minimum-height av-minimum-height-custom container_wrap sidebar_right' style = 'background-repeat: no-repeat; background-image: url(https:\/\/www.polysur.com\/wp-content\/uploads\/2015\/09\/achtergrond2.jpg);background-attachment: scroll; background-position: top center; ' data-section-bg-repeat='stretch' ><div class='container' style='height:550px'><div class='template-page content  av-content-small alpha units'><div class='post-entry post-entry-type-page post-entry-1163'><div class='entry-content-wrapper clearfix'><\/div><\/div><\/div><!-- close content main div --><\/div><\/div><div id='after_section_5' class='main_color av_default_container_wrap container_wrap sidebar_right'   ><div class='container' ><div class='template-page content  av-content-small alpha units'><div class='post-entry post-entry-type-page post-entry-1163'><div class='entry-content-wrapper clearfix'>\n","protected":false},"excerpt":{"rendered":"","protected":false},"author":2,"featured_media":0,"parent":0,"menu_order":0,"comment_status":"closed","ping_status":"closed","template":"","meta":[],"_links":{"self":[{"href":"https:\/\/www.polysur.com\/es\/wp-json\/wp\/v2\/pages\/1163"}],"collection":[{"href":"https:\/\/www.polysur.com\/es\/wp-json\/wp\/v2\/pages"}],"about":[{"href":"https:\/\/www.polysur.com\/es\/wp-json\/wp\/v2\/types\/page"}],"author":[{"embeddable":true,"href":"https:\/\/www.polysur.com\/es\/wp-json\/wp\/v2\/users\/2"}],"replies":[{"embeddable":true,"href":"https:\/\/www.polysur.com\/es\/wp-json\/wp\/v2\/comments?post=1163"}],"version-history":[{"count":12,"href":"https:\/\/www.polysur.com\/es\/wp-json\/wp\/v2\/pages\/1163\/revisions"}],"predecessor-version":[{"id":1479,"href":"https:\/\/www.polysur.com\/es\/wp-json\/wp\/v2\/pages\/1163\/revisions\/1479"}],"wp:attachment":[{"href":"https:\/\/www.polysur.com\/es\/wp-json\/wp\/v2\/media?parent=1163"}],"curies":[{"name":"wp","href":"https:\/\/api.w.org\/{rel}","templated":true}]}}